{"id":62,"date":"2017-01-12T16:56:51","date_gmt":"2017-01-12T15:56:51","guid":{"rendered":"http:\/\/alpine-restaurierung.de\/blog\/?page_id=62"},"modified":"2017-02-26T11:27:10","modified_gmt":"2017-02-26T10:27:10","slug":"fahrwerk","status":"publish","type":"page","link":"http:\/\/alpine-restaurierung.de\/blog\/ersatzteile\/fahrwerk\/","title":{"rendered":"Fahrwerk"},"content":{"rendered":"<p>Zugstrebe einstellbar . F\u00fcr stark verbesserte Spurtreue .<\/p>\n<p>Zugstrebe f\u00fcr den Motorsport .<\/p>\n<p>Querlenker hinten unten 4-Loch , St\u00fcckpreis<strong> 285,60 \u20ac<\/strong> ohne Buchsen . Beste Materialg\u00fcte , perfekte Verschwei\u00dfung .<br \/>\nBitte geben Sie an ob Sie eine A310 S oder die schmale Version besitzen . Die Querlenker sind unterschiedlich lang .<\/p>\n<p>Die oberen einstellbaren Querlenker biete ich ebenfalls f\u00fcr 285,60 \u20ac an . Diese gegen\u00fcber dem Originalteil stark verbesserten und stabileren Lenker sind meiner Meinung nach ein Muss f\u00fcr alle tieferlegten 310er . Insbesondere f\u00fcr die A310 S . Ein Grad Sturz reichen v\u00f6llig , sehen besser aus(meine pers\u00f6nliche Meinung) und sorgen f\u00fcr weniger Reifenverschlei\u00df ( Tatsache) .<\/p>\n<div class=\"gmedia_gallery phantom_module is_bot\" id=\"GmediaGallery_3\" data-gmid=\"3\" data-module=\"phantom\"><style type='text\/css' class='gmedia_module_style_import'>@import url('http:\/\/alpine-restaurierung.de\/blog\/wp-content\/plugins\/grand-media\/module\/phantom\/css\/style.css?v=3.23') all;\/**** .phantom_module #GmediaGallery_3 ****\/\n#GmediaGallery_3 .gmPhantom_ThumbContainer,\n#GmediaGallery_3 .gmPhantom_LoadMore {width:250px; height:200px;}\n#GmediaGallery_3 .gmPhantom_MobileView .gmPhantom_ThumbContainer,\n#GmediaGallery_3 .gmPhantom_MobileView .gmPhantom_LoadMore {width:150px; height:135px;}\n#GmediaGallery_3 .gmPhantom_LoadMore .gmPhantom_pager {font-size:100px;line-height:200px;}\n#GmediaGallery_3 .gmPhantom_MobileView .gmPhantom_LoadMore .gmPhantom_pager {font-size:67.5px;line-height:135px;}\n#GmediaGallery_3 .gmPhantom_LoadMore[data-col=\"1\"] {width:auto;height:50px;}\n#GmediaGallery_3 .gmPhantom_LoadMore[data-col=\"1\"] .gmPhantom_pager,\n#GmediaGallery_3 .gmPhantom_MobileView .gmPhantom_LoadMore[data-col=\"1\"] .gmPhantom_pager {font-size:40px;line-height:50px;}\n#GmediaGallery_3 .gmPhantom_ThumbContainer .gmPhantom_Thumb {opacity:1;}\n#GmediaGallery_3 .gmPhantom_ThumbLabel a {color:#3695e7;}<\/style>    <div class=\"gmPhantom_Container noLightbox\" >\n                <div class=\"gmPhantom_thumbsWrapper gmPhantom_ThumbScale gmPhantom_LabelInside\">\n                        <div class=\"gmPhantom_ThumbContainer gmPhantom_ThumbLoader\" data-id=\"286\" data-post_id=\"575\" data-ratio=\"1.51\" data-type=\"image\" data-ext=\"jpg\" data-views=\"869\" data-likes=\"0\" data-cc=\"0\" data-post_link=\"http:\/\/alpine-restaurierung.de\/blog\/gmedia\/dsc_0355_1_-jpg\/\">\n                <a href=\"http:\/\/alpine-restaurierung.de\/blog\/wp-content\/grand-media\/image\/DSC_0355_1_.jpg\" class=\"gmPhantom_Thumb\"><img class=\"noLazy\" src=\"http:\/\/alpine-restaurierung.de\/blog\/wp-content\/grand-media\/image\/thumb\/DSC_0355_1_.jpg\" data-src=\"http:\/\/alpine-restaurierung.de\/blog\/wp-content\/grand-media\/image\/DSC_0355_1_.jpg\" alt=\"moderne  Koppelstange\"\/><\/a>\n                                    <div class=\"gmPhantom_ThumbLabel\"><span class=\"gmPhantom_ThumbLabel_title\">moderne  Koppelstange<\/span><\/div>\n                                    <div style=\"display:none;\" class=\"gmPhantom_Details\">\n                                            <div class=\"gmPhantom_description\">\n                            <div class=\"gmPhantom_title\">moderne  Koppelstange<\/div>\n                            <div class=\"gmPhantom_text\"><\/div>\n                        <\/div>\n                                                            <div class=\"gmPhantom_terms\">\n                                                    <div class=\"gmPhantom_other_terms\">\n                                <table class=\"gmPhantom_other_terms_table\">\n                                                                            <tr class=\"gmPhantom_term_row_category\">\n                                            <td class=\"gmPhantom_term_key\">Category<\/td>\n                                            <td class=\"gmPhantom_term_value\"><a href=\"\/blog\/wp-json\/wp\/v2\/pages\/62?gm3[category__in]=3\" class=\"gmPhantom_cat\">Fahrwerksteile<\/a><\/td>\n                                        <\/tr>\n                                                                    <\/table>\n                            <\/div>\n                                                <\/div>\n                <\/div>\n                <\/div>            <div class=\"gmPhantom_ThumbContainer gmPhantom_ThumbLoader\" data-id=\"285\" data-post_id=\"574\" data-ratio=\"1.51\" data-type=\"image\" data-ext=\"jpg\" data-views=\"1186\" data-likes=\"0\" data-cc=\"0\" data-post_link=\"http:\/\/alpine-restaurierung.de\/blog\/gmedia\/dsc_0434_1_-jpg\/\">\n                <a href=\"http:\/\/alpine-restaurierung.de\/blog\/wp-content\/grand-media\/image\/DSC_0434_1_.jpg\" class=\"gmPhantom_Thumb\"><img class=\"noLazy\" src=\"http:\/\/alpine-restaurierung.de\/blog\/wp-content\/grand-media\/image\/thumb\/DSC_0434_1_.jpg\" data-src=\"http:\/\/alpine-restaurierung.de\/blog\/wp-content\/grand-media\/image\/DSC_0434_1_.jpg\" alt=\"Stufenlos einstellbare Querlenker f\u00fcr 3 und 4-Loch lieferbar Das Paar : 571,20 \u20ac\"\/><\/a>\n                                    <div class=\"gmPhantom_ThumbLabel\"><span class=\"gmPhantom_ThumbLabel_title\">Stufenlos einstellbare Querlenker f\u00fcr 3 und 4-Loch lieferbar Das Paar : 571,20 \u20ac<\/span><\/div>\n                                    <div style=\"display:none;\" class=\"gmPhantom_Details\">\n                                            <div class=\"gmPhantom_description\">\n                            <div class=\"gmPhantom_title\">Stufenlos einstellbare Querlenker f\u00fcr 3 und 4-Loch lieferbar Das Paar : 571,20 \u20ac<\/div>\n                            <div class=\"gmPhantom_text\"><p>Einstellbarer Querlenker<\/p><\/div>\n                        <\/div>\n                                                            <div class=\"gmPhantom_terms\">\n                                                    <div class=\"gmPhantom_other_terms\">\n                                <table class=\"gmPhantom_other_terms_table\">\n                                                                            <tr class=\"gmPhantom_term_row_category\">\n                                            <td class=\"gmPhantom_term_key\">Category<\/td>\n                                            <td class=\"gmPhantom_term_value\"><a href=\"\/blog\/wp-json\/wp\/v2\/pages\/62?gm3[category__in]=3\" class=\"gmPhantom_cat\">Fahrwerksteile<\/a><\/td>\n                                        <\/tr>\n                                                                    <\/table>\n                            <\/div>\n                                                <\/div>\n                <\/div>\n                <\/div>            <div class=\"gmPhantom_ThumbContainer gmPhantom_ThumbLoader\" data-id=\"209\" data-post_id=\"434\" data-ratio=\"1.51\" data-type=\"image\" data-ext=\"jpg\" data-views=\"1143\" data-likes=\"2\" data-cc=\"0\" data-post_link=\"http:\/\/alpine-restaurierung.de\/blog\/gmedia\/zugstrebe-jpg\/\">\n                <a href=\"http:\/\/alpine-restaurierung.de\/blog\/wp-content\/grand-media\/image\/Zugstrebe.jpg\" class=\"gmPhantom_Thumb\"><img class=\"noLazy\" src=\"http:\/\/alpine-restaurierung.de\/blog\/wp-content\/grand-media\/image\/thumb\/Zugstrebe.jpg\" data-src=\"http:\/\/alpine-restaurierung.de\/blog\/wp-content\/grand-media\/image\/Zugstrebe.jpg\" alt=\"Zugstrebe f\u00fcr den Motorsport \"\/><\/a>\n                                    <div class=\"gmPhantom_ThumbLabel\"><span class=\"gmPhantom_ThumbLabel_title\">Zugstrebe f\u00fcr den Motorsport <\/span><\/div>\n                                    <div style=\"display:none;\" class=\"gmPhantom_Details\">\n                                            <div class=\"gmPhantom_description\">\n                            <div class=\"gmPhantom_title\">Zugstrebe f\u00fcr den Motorsport <\/div>\n                            <div class=\"gmPhantom_text\"><\/div>\n                        <\/div>\n                                                            <div class=\"gmPhantom_terms\">\n                                                    <div class=\"gmPhantom_tags_container\"><a href=\"\/blog\/wp-json\/wp\/v2\/pages\/62?gm3[tag__in]=40\" class=\"gmPhantom_tag\">#Zugstrebe verstellbar<\/a><\/div>\n                                                    <div class=\"gmPhantom_other_terms\">\n                                <table class=\"gmPhantom_other_terms_table\">\n                                                                            <tr class=\"gmPhantom_term_row_category\">\n                                            <td class=\"gmPhantom_term_key\">Category<\/td>\n                                            <td class=\"gmPhantom_term_value\"><a href=\"\/blog\/wp-json\/wp\/v2\/pages\/62?gm3[category__in]=3\" class=\"gmPhantom_cat\">Fahrwerksteile<\/a><\/td>\n                                        <\/tr>\n                                                                    <\/table>\n                            <\/div>\n                                                <\/div>\n                <\/div>\n                <\/div>            <div class=\"gmPhantom_ThumbContainer gmPhantom_ThumbLoader\" data-id=\"208\" data-post_id=\"433\" data-ratio=\"0.66225165562914\" data-type=\"image\" data-ext=\"jpg\" data-views=\"1266\" data-likes=\"1\" data-cc=\"0\" data-post_link=\"http:\/\/alpine-restaurierung.de\/blog\/gmedia\/zugstrebe-verstellbar-010-jpg\/\">\n                <a href=\"http:\/\/alpine-restaurierung.de\/blog\/wp-content\/grand-media\/image\/Zugstrebe-verstellbar-010.jpg\" class=\"gmPhantom_Thumb\"><img class=\"noLazy\" src=\"http:\/\/alpine-restaurierung.de\/blog\/wp-content\/grand-media\/image\/thumb\/Zugstrebe-verstellbar-010.jpg\" data-src=\"http:\/\/alpine-restaurierung.de\/blog\/wp-content\/grand-media\/image\/Zugstrebe-verstellbar-010.jpg\" alt=\"Zugstrebe-verstellbar-010\"\/><\/a>\n                                    <div class=\"gmPhantom_ThumbLabel\"><span class=\"gmPhantom_ThumbLabel_title\">Zugstrebe-verstellbar-010<\/span><\/div>\n                                    <div style=\"display:none;\" class=\"gmPhantom_Details\">\n                                            <div class=\"gmPhantom_description\">\n                            <div class=\"gmPhantom_title\">Zugstrebe-verstellbar-010<\/div>\n                            <div class=\"gmPhantom_text\"><\/div>\n                        <\/div>\n                                                            <div class=\"gmPhantom_terms\">\n                                                    <div class=\"gmPhantom_tags_container\"><a href=\"\/blog\/wp-json\/wp\/v2\/pages\/62?gm3[tag__in]=40\" class=\"gmPhantom_tag\">#Zugstrebe verstellbar<\/a><\/div>\n                                                    <div class=\"gmPhantom_other_terms\">\n                                <table class=\"gmPhantom_other_terms_table\">\n                                                                            <tr class=\"gmPhantom_term_row_category\">\n                                            <td class=\"gmPhantom_term_key\">Category<\/td>\n                                            <td class=\"gmPhantom_term_value\"><a href=\"\/blog\/wp-json\/wp\/v2\/pages\/62?gm3[category__in]=3\" class=\"gmPhantom_cat\">Fahrwerksteile<\/a><\/td>\n                                        <\/tr>\n                                                                    <\/table>\n                            <\/div>\n                                                <\/div>\n                <\/div>\n                <\/div>            <div class=\"gmPhantom_ThumbContainer gmPhantom_ThumbLoader\" data-id=\"207\" data-post_id=\"432\" data-ratio=\"1.51\" data-type=\"image\" data-ext=\"jpg\" data-views=\"1245\" data-likes=\"0\" data-cc=\"0\" data-post_link=\"http:\/\/alpine-restaurierung.de\/blog\/gmedia\/querlenker_hinten_unten_4-loch-jpg\/\">\n                <a href=\"http:\/\/alpine-restaurierung.de\/blog\/wp-content\/grand-media\/image\/Querlenker_hinten_unten_4-Loch.jpg\" class=\"gmPhantom_Thumb\"><img class=\"noLazy\" src=\"http:\/\/alpine-restaurierung.de\/blog\/wp-content\/grand-media\/image\/thumb\/Querlenker_hinten_unten_4-Loch.jpg\" data-src=\"http:\/\/alpine-restaurierung.de\/blog\/wp-content\/grand-media\/image\/Querlenker_hinten_unten_4-Loch.jpg\" alt=\"Querlenker Hinten Unten 4-Loch\"\/><\/a>\n                                    <div class=\"gmPhantom_ThumbLabel\"><span class=\"gmPhantom_ThumbLabel_title\">Querlenker Hinten Unten 4-Loch<\/span><\/div>\n                                    <div style=\"display:none;\" class=\"gmPhantom_Details\">\n                                            <div class=\"gmPhantom_description\">\n                            <div class=\"gmPhantom_title\">Querlenker Hinten Unten 4-Loch<\/div>\n                            <div class=\"gmPhantom_text\"><\/div>\n                        <\/div>\n                                                            <div class=\"gmPhantom_terms\">\n                                                    <div class=\"gmPhantom_other_terms\">\n                                <table class=\"gmPhantom_other_terms_table\">\n                                                                            <tr class=\"gmPhantom_term_row_category\">\n                                            <td class=\"gmPhantom_term_key\">Category<\/td>\n                                            <td class=\"gmPhantom_term_value\"><a href=\"\/blog\/wp-json\/wp\/v2\/pages\/62?gm3[category__in]=3\" class=\"gmPhantom_cat\">Fahrwerksteile<\/a><\/td>\n                                        <\/tr>\n                                                                    <\/table>\n                            <\/div>\n                                                <\/div>\n                <\/div>\n                <\/div>        <\/div>\n    <\/div>\n<\/div>\n","protected":false},"excerpt":{"rendered":"<p>Zugstrebe einstellbar . F\u00fcr stark verbesserte Spurtreue . Zugstrebe f\u00fcr den Motorsport . Querlenker hinten unten 4-Loch , St\u00fcckpreis 285,60 \u20ac ohne Buchsen . Beste Materialg\u00fcte , perfekte Verschwei\u00dfung . Bitte geben Sie an ob Sie eine A310 S oder die schmale Version besitzen . Die Querlenker sind unterschiedlich lang . Die oberen einstellbaren Querlenker biete ich ebenfalls f\u00fcr 285,60<\/p>\n","protected":false},"author":1,"featured_media":0,"parent":32,"menu_order":0,"comment_status":"closed","ping_status":"closed","template":"","meta":[],"_links":{"self":[{"href":"http:\/\/alpine-restaurierung.de\/blog\/wp-json\/wp\/v2\/pages\/62"}],"collection":[{"href":"http:\/\/alpine-restaurierung.de\/blog\/wp-json\/wp\/v2\/pages"}],"about":[{"href":"http:\/\/alpine-restaurierung.de\/blog\/wp-json\/wp\/v2\/types\/page"}],"author":[{"embeddable":true,"href":"http:\/\/alpine-restaurierung.de\/blog\/wp-json\/wp\/v2\/users\/1"}],"replies":[{"embeddable":true,"href":"http:\/\/alpine-restaurierung.de\/blog\/wp-json\/wp\/v2\/comments?post=62"}],"version-history":[{"count":10,"href":"http:\/\/alpine-restaurierung.de\/blog\/wp-json\/wp\/v2\/pages\/62\/revisions"}],"predecessor-version":[{"id":576,"href":"http:\/\/alpine-restaurierung.de\/blog\/wp-json\/wp\/v2\/pages\/62\/revisions\/576"}],"up":[{"embeddable":true,"href":"http:\/\/alpine-restaurierung.de\/blog\/wp-json\/wp\/v2\/pages\/32"}],"wp:attachment":[{"href":"http:\/\/alpine-restaurierung.de\/blog\/wp-json\/wp\/v2\/media?parent=62"}],"curies":[{"name":"wp","href":"https:\/\/api.w.org\/{rel}","templated":true}]}}