{"id":64,"date":"2017-01-12T16:57:19","date_gmt":"2017-01-12T15:57:19","guid":{"rendered":"http:\/\/alpine-restaurierung.de\/blog\/?page_id=64"},"modified":"2017-01-13T13:37:23","modified_gmt":"2017-01-13T12:37:23","slug":"bremse","status":"publish","type":"page","link":"http:\/\/alpine-restaurierung.de\/blog\/ersatzteile\/bremse\/","title":{"rendered":"Bremse"},"content":{"rendered":"<ol>\n<li>Radbremszylinder 4-Loch, im Austausch St\u00fcck <strong>190,40<\/strong> EUR<\/li>\n<li>Hauptbremszylinder St\u00fcck <strong>149,00<\/strong> EUR<\/li>\n<li>Bremskraftvert\u00e4rker, Neuteil Preis St\u00fcck<strong> 238,00<\/strong> EUR<\/li>\n<li>Bremsbel\u00e4ge EBC<br \/>\nblack stuff 3-Loch, Satz <strong>40,76<\/strong> EUR<br \/>\ngreen stuff 3-Loch, Satz <strong>66,00<\/strong> EUR<br \/>\ngreen stuff 4-Loch, Satz <strong>136,85<\/strong> EUR<\/li>\n<\/ol>\n<div class=\"gmedia_gallery phantom_module is_bot\" id=\"GmediaGallery_4\" data-gmid=\"4\" data-module=\"phantom\"><style type='text\/css' class='gmedia_module_style_import'>@import url('http:\/\/alpine-restaurierung.de\/blog\/wp-content\/plugins\/grand-media\/module\/phantom\/css\/style.css?v=3.23') all;\/**** .phantom_module #GmediaGallery_4 ****\/\n#GmediaGallery_4 .gmPhantom_ThumbContainer,\n#GmediaGallery_4 .gmPhantom_LoadMore {width:250px; height:200px;}\n#GmediaGallery_4 .gmPhantom_MobileView .gmPhantom_ThumbContainer,\n#GmediaGallery_4 .gmPhantom_MobileView .gmPhantom_LoadMore {width:150px; height:135px;}\n#GmediaGallery_4 .gmPhantom_LoadMore .gmPhantom_pager {font-size:100px;line-height:200px;}\n#GmediaGallery_4 .gmPhantom_MobileView .gmPhantom_LoadMore .gmPhantom_pager {font-size:67.5px;line-height:135px;}\n#GmediaGallery_4 .gmPhantom_LoadMore[data-col=\"1\"] {width:auto;height:50px;}\n#GmediaGallery_4 .gmPhantom_LoadMore[data-col=\"1\"] .gmPhantom_pager,\n#GmediaGallery_4 .gmPhantom_MobileView .gmPhantom_LoadMore[data-col=\"1\"] .gmPhantom_pager {font-size:40px;line-height:50px;}\n#GmediaGallery_4 .gmPhantom_ThumbContainer .gmPhantom_Thumb {opacity:1;}\n#GmediaGallery_4 .gmPhantom_ThumbLabel a {color:#3695e7;}<\/style>    <div class=\"gmPhantom_Container noLightbox\" >\n                <div class=\"gmPhantom_thumbsWrapper gmPhantom_ThumbScale gmPhantom_LabelInside\">\n                        <div class=\"gmPhantom_ThumbContainer gmPhantom_ThumbLoader\" data-id=\"206\" data-post_id=\"431\" data-ratio=\"1.51\" data-type=\"image\" data-ext=\"jpg\" data-views=\"891\" data-likes=\"0\" data-cc=\"0\" data-post_link=\"http:\/\/alpine-restaurierung.de\/blog\/gmedia\/dsc_0435_1_-jpg\/\">\n                <a href=\"http:\/\/alpine-restaurierung.de\/blog\/wp-content\/grand-media\/image\/DSC_0435_1_.jpg\" class=\"gmPhantom_Thumb\"><img class=\"noLazy\" src=\"http:\/\/alpine-restaurierung.de\/blog\/wp-content\/grand-media\/image\/thumb\/DSC_0435_1_.jpg\" data-src=\"http:\/\/alpine-restaurierung.de\/blog\/wp-content\/grand-media\/image\/DSC_0435_1_.jpg\" alt=\"\u00dcberholte Radbremszylinder im Austausch \"\/><\/a>\n                                    <div class=\"gmPhantom_ThumbLabel\"><span class=\"gmPhantom_ThumbLabel_title\">\u00dcberholte Radbremszylinder im Austausch <\/span><\/div>\n                                    <div style=\"display:none;\" class=\"gmPhantom_Details\">\n                                            <div class=\"gmPhantom_description\">\n                            <div class=\"gmPhantom_title\">\u00dcberholte Radbremszylinder im Austausch <\/div>\n                            <div class=\"gmPhantom_text\"><\/div>\n                        <\/div>\n                                                            <div class=\"gmPhantom_terms\">\n                                                    <div class=\"gmPhantom_other_terms\">\n                                <table class=\"gmPhantom_other_terms_table\">\n                                                                            <tr class=\"gmPhantom_term_row_album\">\n                                            <td class=\"gmPhantom_term_key\">Album<\/td>\n                                            <td class=\"gmPhantom_term_value\"><a href=\"\/blog\/wp-json\/wp\/v2\/pages\/64?gm4[album__in]=99\" class=\"gmPhantom_alb\">Ersatzteile<\/a><\/td>\n                                        <\/tr>\n                                                                            <tr class=\"gmPhantom_term_row_category\">\n                                            <td class=\"gmPhantom_term_key\">Category<\/td>\n                                            <td class=\"gmPhantom_term_value\"><a href=\"\/blog\/wp-json\/wp\/v2\/pages\/64?gm4[category__in]=4\" class=\"gmPhantom_cat\">Bremse<\/a><\/td>\n                                        <\/tr>\n                                                                    <\/table>\n                            <\/div>\n                                                <\/div>\n                <\/div>\n                <\/div>            <div class=\"gmPhantom_ThumbContainer gmPhantom_ThumbLoader\" data-id=\"9\" data-post_id=\"129\" data-ratio=\"1.5\" data-type=\"image\" data-ext=\"jpg\" data-views=\"453\" data-likes=\"0\" data-cc=\"0\" data-post_link=\"http:\/\/alpine-restaurierung.de\/blog\/gmedia\/radbremszylinder_4-loch-jpg\/\">\n                <a href=\"http:\/\/alpine-restaurierung.de\/blog\/wp-content\/grand-media\/image\/Radbremszylinder_4-Loch.jpg\" class=\"gmPhantom_Thumb\"><img class=\"noLazy\" src=\"http:\/\/alpine-restaurierung.de\/blog\/wp-content\/grand-media\/image\/thumb\/Radbremszylinder_4-Loch.jpg\" data-src=\"http:\/\/alpine-restaurierung.de\/blog\/wp-content\/grand-media\/image\/Radbremszylinder_4-Loch.jpg\" alt=\"Radbremszylinder 4-Loch Zange neu verzinkt \"\/><\/a>\n                                    <div class=\"gmPhantom_ThumbLabel\"><span class=\"gmPhantom_ThumbLabel_title\">Radbremszylinder 4-Loch Zange neu verzinkt <\/span><\/div>\n                                    <div style=\"display:none;\" class=\"gmPhantom_Details\">\n                                            <div class=\"gmPhantom_description\">\n                            <div class=\"gmPhantom_title\">Radbremszylinder 4-Loch Zange neu verzinkt <\/div>\n                            <div class=\"gmPhantom_text\"><p>Radbremszylinder 4-Loch, im Austausch St\u00fcck 190,40 EUR<\/p><\/div>\n                        <\/div>\n                                                            <div class=\"gmPhantom_terms\">\n                                                    <div class=\"gmPhantom_tags_container\"><a href=\"\/blog\/wp-json\/wp\/v2\/pages\/64?gm4[tag__in]=16\" class=\"gmPhantom_tag\">#Radbremszylinder 4-Loch<\/a> <a href=\"\/blog\/wp-json\/wp\/v2\/pages\/64?gm4[tag__in]=17\" class=\"gmPhantom_tag\">#im Austausch St\u00fcck 190<\/a> <a href=\"\/blog\/wp-json\/wp\/v2\/pages\/64?gm4[tag__in]=18\" class=\"gmPhantom_tag\">#40 EUR<\/a><\/div>\n                                                    <div class=\"gmPhantom_other_terms\">\n                                <table class=\"gmPhantom_other_terms_table\">\n                                                                            <tr class=\"gmPhantom_term_row_category\">\n                                            <td class=\"gmPhantom_term_key\">Category<\/td>\n                                            <td class=\"gmPhantom_term_value\"><a href=\"\/blog\/wp-json\/wp\/v2\/pages\/64?gm4[category__in]=4\" class=\"gmPhantom_cat\">Bremse<\/a><\/td>\n                                        <\/tr>\n                                                                    <\/table>\n                            <\/div>\n                                                <\/div>\n                <\/div>\n                <\/div>            <div class=\"gmPhantom_ThumbContainer gmPhantom_ThumbLoader\" data-id=\"8\" data-post_id=\"128\" data-ratio=\"1.5\" data-type=\"image\" data-ext=\"jpg\" data-views=\"685\" data-likes=\"0\" data-cc=\"0\" data-post_link=\"http:\/\/alpine-restaurierung.de\/blog\/gmedia\/hauptbremszylinde-jpg\/\">\n                <a href=\"http:\/\/alpine-restaurierung.de\/blog\/wp-content\/grand-media\/image\/Hauptbremszylinde.jpg\" class=\"gmPhantom_Thumb\"><img class=\"noLazy\" src=\"http:\/\/alpine-restaurierung.de\/blog\/wp-content\/grand-media\/image\/thumb\/Hauptbremszylinde.jpg\" data-src=\"http:\/\/alpine-restaurierung.de\/blog\/wp-content\/grand-media\/image\/Hauptbremszylinde.jpg\" alt=\"Hauptbremszylinder \"\/><\/a>\n                                    <div class=\"gmPhantom_ThumbLabel\"><span class=\"gmPhantom_ThumbLabel_title\">Hauptbremszylinder <\/span><\/div>\n                                    <div style=\"display:none;\" class=\"gmPhantom_Details\">\n                                            <div class=\"gmPhantom_description\">\n                            <div class=\"gmPhantom_title\">Hauptbremszylinder <\/div>\n                            <div class=\"gmPhantom_text\"><p>Hauptbremszylinder St\u00fcck 149,00 EUR<\/p><\/div>\n                        <\/div>\n                                                            <div class=\"gmPhantom_terms\">\n                                                    <div class=\"gmPhantom_other_terms\">\n                                <table class=\"gmPhantom_other_terms_table\">\n                                                                            <tr class=\"gmPhantom_term_row_category\">\n                                            <td class=\"gmPhantom_term_key\">Category<\/td>\n                                            <td class=\"gmPhantom_term_value\"><a href=\"\/blog\/wp-json\/wp\/v2\/pages\/64?gm4[category__in]=4\" class=\"gmPhantom_cat\">Bremse<\/a><\/td>\n                                        <\/tr>\n                                                                    <\/table>\n                            <\/div>\n                                                <\/div>\n                <\/div>\n                <\/div>            <div class=\"gmPhantom_ThumbContainer gmPhantom_ThumbLoader\" data-id=\"7\" data-post_id=\"127\" data-ratio=\"1.5\" data-type=\"image\" data-ext=\"jpg\" data-views=\"651\" data-likes=\"0\" data-cc=\"0\" data-post_link=\"http:\/\/alpine-restaurierung.de\/blog\/gmedia\/bremskraftverst_rker_neuteil-jpg\/\">\n                <a href=\"http:\/\/alpine-restaurierung.de\/blog\/wp-content\/grand-media\/image\/Bremskraftverst_rker_Neuteil.jpg\" class=\"gmPhantom_Thumb\"><img class=\"noLazy\" src=\"http:\/\/alpine-restaurierung.de\/blog\/wp-content\/grand-media\/image\/thumb\/Bremskraftverst_rker_Neuteil.jpg\" data-src=\"http:\/\/alpine-restaurierung.de\/blog\/wp-content\/grand-media\/image\/Bremskraftverst_rker_Neuteil.jpg\" alt=\"Bremskraftverst\u00e4rker Neuteil\"\/><\/a>\n                                    <div class=\"gmPhantom_ThumbLabel\"><span class=\"gmPhantom_ThumbLabel_title\">Bremskraftverst\u00e4rker Neuteil<\/span><\/div>\n                                    <div style=\"display:none;\" class=\"gmPhantom_Details\">\n                                            <div class=\"gmPhantom_description\">\n                            <div class=\"gmPhantom_title\">Bremskraftverst\u00e4rker Neuteil<\/div>\n                            <div class=\"gmPhantom_text\"><p>Bremskraftvert\u00e4rker, Neuteil Preis St\u00fcck 238,00 EUR<\/p><\/div>\n                        <\/div>\n                                                            <div class=\"gmPhantom_terms\">\n                                                    <div class=\"gmPhantom_tags_container\"><a href=\"\/blog\/wp-json\/wp\/v2\/pages\/64?gm4[tag__in]=19\" class=\"gmPhantom_tag\">#Bremskraftvert\u00e4rker<\/a><\/div>\n                                                    <div class=\"gmPhantom_other_terms\">\n                                <table class=\"gmPhantom_other_terms_table\">\n                                                                            <tr class=\"gmPhantom_term_row_category\">\n                                            <td class=\"gmPhantom_term_key\">Category<\/td>\n                                            <td class=\"gmPhantom_term_value\"><a href=\"\/blog\/wp-json\/wp\/v2\/pages\/64?gm4[category__in]=4\" class=\"gmPhantom_cat\">Bremse<\/a><\/td>\n                                        <\/tr>\n                                                                    <\/table>\n                            <\/div>\n                                                <\/div>\n                <\/div>\n                <\/div>            <div class=\"gmPhantom_ThumbContainer gmPhantom_ThumbLoader\" data-id=\"6\" data-post_id=\"126\" data-ratio=\"1.5\" data-type=\"image\" data-ext=\"jpg\" data-views=\"645\" data-likes=\"0\" data-cc=\"0\" data-post_link=\"http:\/\/alpine-restaurierung.de\/blog\/gmedia\/bremsbel_ge_ebc-jpg\/\">\n                <a href=\"http:\/\/alpine-restaurierung.de\/blog\/wp-content\/grand-media\/image\/Bremsbel_ge_EBC.jpg\" class=\"gmPhantom_Thumb\"><img class=\"noLazy\" src=\"http:\/\/alpine-restaurierung.de\/blog\/wp-content\/grand-media\/image\/thumb\/Bremsbel_ge_EBC.jpg\" data-src=\"http:\/\/alpine-restaurierung.de\/blog\/wp-content\/grand-media\/image\/Bremsbel_ge_EBC.jpg\" alt=\"Bremsbel\u00e4ge EBC\"\/><\/a>\n                                    <div class=\"gmPhantom_ThumbLabel\"><span class=\"gmPhantom_ThumbLabel_title\">Bremsbel\u00e4ge EBC<\/span><\/div>\n                                    <div style=\"display:none;\" class=\"gmPhantom_Details\">\n                                            <div class=\"gmPhantom_description\">\n                            <div class=\"gmPhantom_title\">Bremsbel\u00e4ge EBC<\/div>\n                            <div class=\"gmPhantom_text\"><p>Bremsbel\u00e4ge EBC<br \/>black stuff 3-Loch, Satz 40,76 EUR<br \/>green stuff 3-Loch, Satz 66,00 EUR<br \/>green stuff 4-Loch, Satz 136,85 EUR<\/p><\/div>\n                        <\/div>\n                                                            <div class=\"gmPhantom_terms\">\n                                                    <div class=\"gmPhantom_tags_container\"><a href=\"\/blog\/wp-json\/wp\/v2\/pages\/64?gm4[tag__in]=22\" class=\"gmPhantom_tag\">#Bremsbel\u00e4ge EBC black stuff 3-Loch<\/a> <a href=\"\/blog\/wp-json\/wp\/v2\/pages\/64?gm4[tag__in]=23\" class=\"gmPhantom_tag\">#Satz 40<\/a> <a href=\"\/blog\/wp-json\/wp\/v2\/pages\/64?gm4[tag__in]=24\" class=\"gmPhantom_tag\">#76 EUR green stuff 3-Loch<\/a> <a href=\"\/blog\/wp-json\/wp\/v2\/pages\/64?gm4[tag__in]=25\" class=\"gmPhantom_tag\">#Satz 66<\/a> <a href=\"\/blog\/wp-json\/wp\/v2\/pages\/64?gm4[tag__in]=26\" class=\"gmPhantom_tag\">#00 EUR green stuff 4-Loch<\/a> <a href=\"\/blog\/wp-json\/wp\/v2\/pages\/64?gm4[tag__in]=27\" class=\"gmPhantom_tag\">#Satz 136<\/a> <a href=\"\/blog\/wp-json\/wp\/v2\/pages\/64?gm4[tag__in]=28\" class=\"gmPhantom_tag\">#85 EUR<\/a><\/div>\n                                                    <div class=\"gmPhantom_other_terms\">\n                                <table class=\"gmPhantom_other_terms_table\">\n                                                                            <tr class=\"gmPhantom_term_row_category\">\n                                            <td class=\"gmPhantom_term_key\">Category<\/td>\n                                            <td class=\"gmPhantom_term_value\"><a href=\"\/blog\/wp-json\/wp\/v2\/pages\/64?gm4[category__in]=4\" class=\"gmPhantom_cat\">Bremse<\/a><\/td>\n                                        <\/tr>\n                                                                    <\/table>\n                            <\/div>\n                                                <\/div>\n                <\/div>\n                <\/div>        <\/div>\n    <\/div>\n<\/div>\n","protected":false},"excerpt":{"rendered":"<p>Radbremszylinder 4-Loch, im Austausch St\u00fcck 190,40 EUR Hauptbremszylinder St\u00fcck 149,00 EUR Bremskraftvert\u00e4rker, Neuteil Preis St\u00fcck 238,00 EUR Bremsbel\u00e4ge EBC black stuff 3-Loch, Satz 40,76 EUR green stuff 3-Loch, Satz 66,00 EUR green stuff 4-Loch, Satz 136,85 EUR<\/p>\n","protected":false},"author":1,"featured_media":0,"parent":32,"menu_order":1,"comment_status":"closed","ping_status":"closed","template":"","meta":[],"_links":{"self":[{"href":"http:\/\/alpine-restaurierung.de\/blog\/wp-json\/wp\/v2\/pages\/64"}],"collection":[{"href":"http:\/\/alpine-restaurierung.de\/blog\/wp-json\/wp\/v2\/pages"}],"about":[{"href":"http:\/\/alpine-restaurierung.de\/blog\/wp-json\/wp\/v2\/types\/page"}],"author":[{"embeddable":true,"href":"http:\/\/alpine-restaurierung.de\/blog\/wp-json\/wp\/v2\/users\/1"}],"replies":[{"embeddable":true,"href":"http:\/\/alpine-restaurierung.de\/blog\/wp-json\/wp\/v2\/comments?post=64"}],"version-history":[{"count":2,"href":"http:\/\/alpine-restaurierung.de\/blog\/wp-json\/wp\/v2\/pages\/64\/revisions"}],"predecessor-version":[{"id":131,"href":"http:\/\/alpine-restaurierung.de\/blog\/wp-json\/wp\/v2\/pages\/64\/revisions\/131"}],"up":[{"embeddable":true,"href":"http:\/\/alpine-restaurierung.de\/blog\/wp-json\/wp\/v2\/pages\/32"}],"wp:attachment":[{"href":"http:\/\/alpine-restaurierung.de\/blog\/wp-json\/wp\/v2\/media?parent=64"}],"curies":[{"name":"wp","href":"https:\/\/api.w.org\/{rel}","templated":true}]}}