{"id":72,"date":"2017-01-12T16:58:47","date_gmt":"2017-01-12T15:58:47","guid":{"rendered":"http:\/\/alpine-restaurierung.de\/blog\/?page_id=72"},"modified":"2017-01-13T14:00:28","modified_gmt":"2017-01-13T13:00:28","slug":"zuendung","status":"publish","type":"page","link":"http:\/\/alpine-restaurierung.de\/blog\/ersatzteile\/zuendung\/","title":{"rendered":"Z\u00fcndung"},"content":{"rendered":"<p>Z\u00fcndkabelsatz f\u00fcr TSZ, original Valeo Satz <strong>119,00<\/strong> EUR<\/p>\n<div style=\"width: 280px\" class=\"wp-caption aligncenter\"><a href=\"http:\/\/alpine-restaurierung.de\/blog\/wp-content\/grand-media\/image\/original\/Z_ndkabelsatz_f_r_TSZ.jpg\" rel=\"lightbox-0\"><img decoding=\"async\" loading=\"lazy\" id=\"gmedia-image-12\" class=\"gmedia-singlepic \" title=\"Z\u00fcndkabelsatz F\u00fcr TSZ\" src=\"http:\/\/alpine-restaurierung.de\/blog\/wp-content\/grand-media\/image\/original\/Z_ndkabelsatz_f_r_TSZ.jpg\" alt=\"Z\u00fcndkabelsatz F\u00fcr TSZ\" width=\"270\" height=\"180\" \/><\/a><p class=\"wp-caption-text\">Z\u00fcndkabelsatz f\u00fcr TSZ, original Valeo<br \/>Satz 119,00 EUR<\/p><\/div>\n","protected":false},"excerpt":{"rendered":"<p>Z\u00fcndkabelsatz f\u00fcr TSZ, original Valeo Satz 119,00 EUR<\/p>\n","protected":false},"author":1,"featured_media":0,"parent":32,"menu_order":6,"comment_status":"closed","ping_status":"closed","template":"","meta":[],"_links":{"self":[{"href":"http:\/\/alpine-restaurierung.de\/blog\/wp-json\/wp\/v2\/pages\/72"}],"collection":[{"href":"http:\/\/alpine-restaurierung.de\/blog\/wp-json\/wp\/v2\/pages"}],"about":[{"href":"http:\/\/alpine-restaurierung.de\/blog\/wp-json\/wp\/v2\/types\/page"}],"author":[{"embeddable":true,"href":"http:\/\/alpine-restaurierung.de\/blog\/wp-json\/wp\/v2\/users\/1"}],"replies":[{"embeddable":true,"href":"http:\/\/alpine-restaurierung.de\/blog\/wp-json\/wp\/v2\/comments?post=72"}],"version-history":[{"count":2,"href":"http:\/\/alpine-restaurierung.de\/blog\/wp-json\/wp\/v2\/pages\/72\/revisions"}],"predecessor-version":[{"id":143,"href":"http:\/\/alpine-restaurierung.de\/blog\/wp-json\/wp\/v2\/pages\/72\/revisions\/143"}],"up":[{"embeddable":true,"href":"http:\/\/alpine-restaurierung.de\/blog\/wp-json\/wp\/v2\/pages\/32"}],"wp:attachment":[{"href":"http:\/\/alpine-restaurierung.de\/blog\/wp-json\/wp\/v2\/media?parent=72"}],"curies":[{"name":"wp","href":"https:\/\/api.w.org\/{rel}","templated":true}]}}