{"id":74,"date":"2017-01-12T16:59:24","date_gmt":"2017-01-12T15:59:24","guid":{"rendered":"http:\/\/alpine-restaurierung.de\/blog\/?page_id=74"},"modified":"2018-01-14T15:27:14","modified_gmt":"2018-01-14T14:27:14","slug":"kuehlung","status":"publish","type":"page","link":"http:\/\/alpine-restaurierung.de\/blog\/ersatzteile\/kuehlung\/","title":{"rendered":"K\u00fchlung"},"content":{"rendered":"<div style=\"width: 2210px\" class=\"wp-caption alignnone\"><a href=\"http:\/\/alpine-restaurierung.de\/blog\/wp-content\/grand-media\/image\/original\/DSC_0011.jpg\" rel=\"lightbox-0\"><img decoding=\"async\" loading=\"lazy\" id=\"gmedia-image-480\" class=\"gmedia-singlepic \" title=\"Heizungsregler neue Serie 2018 \" src=\"http:\/\/alpine-restaurierung.de\/blog\/wp-content\/grand-media\/image\/DSC_0011.jpg\" alt=\"Heizungsregler neue Serie 2018 \" width=\"2200\" height=\"1457\" \/><\/a><p class=\"wp-caption-text\"><strong>Habe neue Serie zum stabilen Preis von 59,50 \u20ac in gewohnt einwandfreier Qualit\u00e4t .<\/strong><\/p><\/div>\n<div class=\"gmedia_gallery phantom_module is_bot\" id=\"GmediaGallery_9\" data-gmid=\"9\" data-module=\"phantom\"><style type='text\/css' class='gmedia_module_style_import'>@import url('http:\/\/alpine-restaurierung.de\/blog\/wp-content\/plugins\/grand-media\/module\/phantom\/css\/style.css?v=3.23') all;\/**** .phantom_module #GmediaGallery_9 ****\/\n#GmediaGallery_9 .gmPhantom_ThumbContainer,\n#GmediaGallery_9 .gmPhantom_LoadMore {width:250px; height:200px;}\n#GmediaGallery_9 .gmPhantom_MobileView .gmPhantom_ThumbContainer,\n#GmediaGallery_9 .gmPhantom_MobileView .gmPhantom_LoadMore {width:150px; height:135px;}\n#GmediaGallery_9 .gmPhantom_LoadMore .gmPhantom_pager {font-size:100px;line-height:200px;}\n#GmediaGallery_9 .gmPhantom_MobileView .gmPhantom_LoadMore .gmPhantom_pager {font-size:67.5px;line-height:135px;}\n#GmediaGallery_9 .gmPhantom_LoadMore[data-col=\"1\"] {width:auto;height:50px;}\n#GmediaGallery_9 .gmPhantom_LoadMore[data-col=\"1\"] .gmPhantom_pager,\n#GmediaGallery_9 .gmPhantom_MobileView .gmPhantom_LoadMore[data-col=\"1\"] .gmPhantom_pager {font-size:40px;line-height:50px;}\n#GmediaGallery_9 .gmPhantom_ThumbContainer .gmPhantom_Thumb {opacity:1;}\n#GmediaGallery_9 .gmPhantom_ThumbLabel a {color:#3695e7;}<\/style>    <div class=\"gmPhantom_Container noLightbox\" >\n                <div class=\"gmPhantom_thumbsWrapper gmPhantom_ThumbScale gmPhantom_LabelInside\">\n                        <div class=\"gmPhantom_ThumbContainer gmPhantom_ThumbLoader\" data-id=\"215\" data-post_id=\"443\" data-ratio=\"1.51\" data-type=\"image\" data-ext=\"jpg\" data-views=\"645\" data-likes=\"0\" data-cc=\"0\" data-post_link=\"http:\/\/alpine-restaurierung.de\/blog\/gmedia\/heizungsregler-jpg\/\">\n                <a href=\"http:\/\/alpine-restaurierung.de\/blog\/wp-content\/grand-media\/image\/Heizungsregler.jpg\" class=\"gmPhantom_Thumb\"><img class=\"noLazy\" src=\"http:\/\/alpine-restaurierung.de\/blog\/wp-content\/grand-media\/image\/thumb\/Heizungsregler.jpg\" data-src=\"http:\/\/alpine-restaurierung.de\/blog\/wp-content\/grand-media\/image\/Heizungsregler.jpg\" alt=\" Heizungsregler aus Aluminium \"\/><\/a>\n                                    <div class=\"gmPhantom_ThumbLabel\"><span class=\"gmPhantom_ThumbLabel_title\"> Heizungsregler aus Aluminium <\/span><\/div>\n                                    <div style=\"display:none;\" class=\"gmPhantom_Details\">\n                                            <div class=\"gmPhantom_description\">\n                            <div class=\"gmPhantom_title\"> Heizungsregler aus Aluminium <\/div>\n                            <div class=\"gmPhantom_text\"><\/div>\n                        <\/div>\n                                                            <div class=\"gmPhantom_terms\">\n                                                    <div class=\"gmPhantom_other_terms\">\n                                <table class=\"gmPhantom_other_terms_table\">\n                                                                            <tr class=\"gmPhantom_term_row_category\">\n                                            <td class=\"gmPhantom_term_key\">Category<\/td>\n                                            <td class=\"gmPhantom_term_value\"><a href=\"\/blog\/wp-json\/wp\/v2\/pages\/74?gm9[category__in]=9\" class=\"gmPhantom_cat\">K\u00fchlung<\/a><\/td>\n                                        <\/tr>\n                                                                    <\/table>\n                            <\/div>\n                                                <\/div>\n                <\/div>\n                <\/div>            <div class=\"gmPhantom_ThumbContainer gmPhantom_ThumbLoader\" data-id=\"214\" data-post_id=\"442\" data-ratio=\"0.66225165562914\" data-type=\"image\" data-ext=\"jpg\" data-views=\"775\" data-likes=\"1\" data-cc=\"0\" data-post_link=\"http:\/\/alpine-restaurierung.de\/blog\/gmedia\/ausgleichsbehlter-jpg\/\">\n                <a href=\"http:\/\/alpine-restaurierung.de\/blog\/wp-content\/grand-media\/image\/Ausgleichsbehlter.jpg\" class=\"gmPhantom_Thumb\"><img class=\"noLazy\" src=\"http:\/\/alpine-restaurierung.de\/blog\/wp-content\/grand-media\/image\/thumb\/Ausgleichsbehlter.jpg\" data-src=\"http:\/\/alpine-restaurierung.de\/blog\/wp-content\/grand-media\/image\/Ausgleichsbehlter.jpg\" alt=\"Ausgleichsbeh\u00e4lter K\u00fchlfl\u00fcssigkeit \"\/><\/a>\n                                    <div class=\"gmPhantom_ThumbLabel\"><span class=\"gmPhantom_ThumbLabel_title\">Ausgleichsbeh\u00e4lter K\u00fchlfl\u00fcssigkeit <\/span><\/div>\n                                    <div style=\"display:none;\" class=\"gmPhantom_Details\">\n                                            <div class=\"gmPhantom_description\">\n                            <div class=\"gmPhantom_title\">Ausgleichsbeh\u00e4lter K\u00fchlfl\u00fcssigkeit <\/div>\n                            <div class=\"gmPhantom_text\"><\/div>\n                        <\/div>\n                                                            <div class=\"gmPhantom_terms\">\n                                                    <div class=\"gmPhantom_other_terms\">\n                                <table class=\"gmPhantom_other_terms_table\">\n                                                                            <tr class=\"gmPhantom_term_row_category\">\n                                            <td class=\"gmPhantom_term_key\">Category<\/td>\n                                            <td class=\"gmPhantom_term_value\"><a href=\"\/blog\/wp-json\/wp\/v2\/pages\/74?gm9[category__in]=9\" class=\"gmPhantom_cat\">K\u00fchlung<\/a><\/td>\n                                        <\/tr>\n                                                                    <\/table>\n                            <\/div>\n                                                <\/div>\n                <\/div>\n                <\/div>            <div class=\"gmPhantom_ThumbContainer gmPhantom_ThumbLoader\" data-id=\"213\" data-post_id=\"441\" data-ratio=\"1.51\" data-type=\"image\" data-ext=\"jpg\" data-views=\"1285\" data-likes=\"1\" data-cc=\"0\" data-post_link=\"http:\/\/alpine-restaurierung.de\/blog\/gmedia\/alpine-restaurierung_auch_j-_katzemich_292-jpg\/\">\n                <a href=\"http:\/\/alpine-restaurierung.de\/blog\/wp-content\/grand-media\/image\/Alpine-restaurierung_Auch_j._Katzemich_292.jpg\" class=\"gmPhantom_Thumb\"><img class=\"noLazy\" src=\"http:\/\/alpine-restaurierung.de\/blog\/wp-content\/grand-media\/image\/thumb\/Alpine-restaurierung_Auch_j._Katzemich_292.jpg\" data-src=\"http:\/\/alpine-restaurierung.de\/blog\/wp-content\/grand-media\/image\/Alpine-restaurierung_Auch_j._Katzemich_292.jpg\" alt=\"Alu-Hochleistungsk\u00fchler\"\/><\/a>\n                                    <div class=\"gmPhantom_ThumbLabel\"><span class=\"gmPhantom_ThumbLabel_title\">Alu-Hochleistungsk\u00fchler<\/span><\/div>\n                                    <div style=\"display:none;\" class=\"gmPhantom_Details\">\n                                            <div class=\"gmPhantom_description\">\n                            <div class=\"gmPhantom_title\">Alu-Hochleistungsk\u00fchler<\/div>\n                            <div class=\"gmPhantom_text\"><\/div>\n                        <\/div>\n                                                            <div class=\"gmPhantom_terms\">\n                                                    <div class=\"gmPhantom_other_terms\">\n                                <table class=\"gmPhantom_other_terms_table\">\n                                                                            <tr class=\"gmPhantom_term_row_category\">\n                                            <td class=\"gmPhantom_term_key\">Category<\/td>\n                                            <td class=\"gmPhantom_term_value\"><a href=\"\/blog\/wp-json\/wp\/v2\/pages\/74?gm9[category__in]=9\" class=\"gmPhantom_cat\">K\u00fchlung<\/a><\/td>\n                                        <\/tr>\n                                                                    <\/table>\n                            <\/div>\n                                                <\/div>\n                <\/div>\n                <\/div>            <div class=\"gmPhantom_ThumbContainer gmPhantom_ThumbLoader\" data-id=\"212\" data-post_id=\"440\" data-ratio=\"1.51\" data-type=\"image\" data-ext=\"jpg\" data-views=\"1637\" data-likes=\"0\" data-cc=\"0\" data-post_link=\"http:\/\/alpine-restaurierung.de\/blog\/gmedia\/kuehlsystem-jpg\/\">\n                <a href=\"http:\/\/alpine-restaurierung.de\/blog\/wp-content\/grand-media\/image\/Kuehlsystem.jpg\" class=\"gmPhantom_Thumb\"><img class=\"noLazy\" src=\"http:\/\/alpine-restaurierung.de\/blog\/wp-content\/grand-media\/image\/thumb\/Kuehlsystem.jpg\" data-src=\"http:\/\/alpine-restaurierung.de\/blog\/wp-content\/grand-media\/image\/Kuehlsystem.jpg\" alt=\" K\u00fchlsystem\"\/><\/a>\n                                    <div class=\"gmPhantom_ThumbLabel\"><span class=\"gmPhantom_ThumbLabel_title\"> K\u00fchlsystem<\/span><\/div>\n                                    <div style=\"display:none;\" class=\"gmPhantom_Details\">\n                                            <div class=\"gmPhantom_description\">\n                            <div class=\"gmPhantom_title\"> K\u00fchlsystem<\/div>\n                            <div class=\"gmPhantom_text\"><\/div>\n                        <\/div>\n                                                            <div class=\"gmPhantom_terms\">\n                                                    <div class=\"gmPhantom_other_terms\">\n                                <table class=\"gmPhantom_other_terms_table\">\n                                                                            <tr class=\"gmPhantom_term_row_category\">\n                                            <td class=\"gmPhantom_term_key\">Category<\/td>\n                                            <td class=\"gmPhantom_term_value\"><a href=\"\/blog\/wp-json\/wp\/v2\/pages\/74?gm9[category__in]=9\" class=\"gmPhantom_cat\">K\u00fchlung<\/a><\/td>\n                                        <\/tr>\n                                                                    <\/table>\n                            <\/div>\n                                                <\/div>\n                <\/div>\n                <\/div>            <div class=\"gmPhantom_ThumbContainer gmPhantom_ThumbLoader\" data-id=\"211\" data-post_id=\"439\" data-ratio=\"0.66225165562914\" data-type=\"image\" data-ext=\"jpg\" data-views=\"1581\" data-likes=\"1\" data-cc=\"0\" data-post_link=\"http:\/\/alpine-restaurierung.de\/blog\/gmedia\/alpine-restaurierung_auch_j-_katzemich_289-jpg\/\">\n                <a href=\"http:\/\/alpine-restaurierung.de\/blog\/wp-content\/grand-media\/image\/Alpine-restaurierung_Auch_j._Katzemich_289.jpg\" class=\"gmPhantom_Thumb\"><img class=\"noLazy\" src=\"http:\/\/alpine-restaurierung.de\/blog\/wp-content\/grand-media\/image\/thumb\/Alpine-restaurierung_Auch_j._Katzemich_289.jpg\" data-src=\"http:\/\/alpine-restaurierung.de\/blog\/wp-content\/grand-media\/image\/Alpine-restaurierung_Auch_j._Katzemich_289.jpg\" alt=\" Neue Wasserpumpe mit Alu-Keilriemenscheibe , Neuteil : 357 \u20ac\"\/><\/a>\n                                    <div class=\"gmPhantom_ThumbLabel\"><span class=\"gmPhantom_ThumbLabel_title\"> Neue Wasserpumpe mit Alu-Keilriemenscheibe , Neuteil : 357 \u20ac<\/span><\/div>\n                                    <div style=\"display:none;\" class=\"gmPhantom_Details\">\n                                            <div class=\"gmPhantom_description\">\n                            <div class=\"gmPhantom_title\"> Neue Wasserpumpe mit Alu-Keilriemenscheibe , Neuteil : 357 \u20ac<\/div>\n                            <div class=\"gmPhantom_text\"><\/div>\n                        <\/div>\n                                                            <div class=\"gmPhantom_terms\">\n                                                    <div class=\"gmPhantom_other_terms\">\n                                <table class=\"gmPhantom_other_terms_table\">\n                                                                            <tr class=\"gmPhantom_term_row_category\">\n                                            <td class=\"gmPhantom_term_key\">Category<\/td>\n                                            <td class=\"gmPhantom_term_value\"><a href=\"\/blog\/wp-json\/wp\/v2\/pages\/74?gm9[category__in]=9\" class=\"gmPhantom_cat\">K\u00fchlung<\/a><\/td>\n                                        <\/tr>\n                                                                    <\/table>\n                            <\/div>\n                                                <\/div>\n                <\/div>\n                <\/div>        <\/div>\n    <\/div>\n<\/div>\n","protected":false},"excerpt":{"rendered":"","protected":false},"author":1,"featured_media":0,"parent":32,"menu_order":7,"comment_status":"closed","ping_status":"closed","template":"","meta":[],"_links":{"self":[{"href":"http:\/\/alpine-restaurierung.de\/blog\/wp-json\/wp\/v2\/pages\/74"}],"collection":[{"href":"http:\/\/alpine-restaurierung.de\/blog\/wp-json\/wp\/v2\/pages"}],"about":[{"href":"http:\/\/alpine-restaurierung.de\/blog\/wp-json\/wp\/v2\/types\/page"}],"author":[{"embeddable":true,"href":"http:\/\/alpine-restaurierung.de\/blog\/wp-json\/wp\/v2\/users\/1"}],"replies":[{"embeddable":true,"href":"http:\/\/alpine-restaurierung.de\/blog\/wp-json\/wp\/v2\/comments?post=74"}],"version-history":[{"count":4,"href":"http:\/\/alpine-restaurierung.de\/blog\/wp-json\/wp\/v2\/pages\/74\/revisions"}],"predecessor-version":[{"id":956,"href":"http:\/\/alpine-restaurierung.de\/blog\/wp-json\/wp\/v2\/pages\/74\/revisions\/956"}],"up":[{"embeddable":true,"href":"http:\/\/alpine-restaurierung.de\/blog\/wp-json\/wp\/v2\/pages\/32"}],"wp:attachment":[{"href":"http:\/\/alpine-restaurierung.de\/blog\/wp-json\/wp\/v2\/media?parent=74"}],"curies":[{"name":"wp","href":"https:\/\/api.w.org\/{rel}","templated":true}]}}