{"id":76,"date":"2017-01-12T16:59:40","date_gmt":"2017-01-12T15:59:40","guid":{"rendered":"http:\/\/alpine-restaurierung.de\/blog\/?page_id=76"},"modified":"2017-01-17T13:40:31","modified_gmt":"2017-01-17T12:40:31","slug":"karosserie","status":"publish","type":"page","link":"http:\/\/alpine-restaurierung.de\/blog\/ersatzteile\/karosserie\/","title":{"rendered":"Karosserie"},"content":{"rendered":"<ol>\n<li>Halter f\u00fcr Front- und Hecksch\u00fcrze, Edelstahl<br \/>\n<strong>Satzpreis Front, Preis auf Anfrage <\/strong><strong><br \/>\nSatzpreis Heck, Preis auf Anfrage<\/strong><\/li>\n<li>Gasdruckfedern f\u00fcr die Haube vorne 100Nm bzw. 150 Nm,<br \/>\nHeckklappe 200 Nm bzw. verst\u00e4rkt 260 Nm,<br \/>\nz.B. f\u00fcr A 310 V6 S, <strong>Preis pro Stk. 47,60 EUR<\/strong><\/li>\n<li>Aufkleber f\u00fcr das Seitenteil, lieferbar in silber, schwarz und wei\u00df mit Logo V6 oder A, Wunschfarbe gegen Aufpreis m\u00f6glich. schwarz, silber, wei\u00df<strong> AKTIONSPREIS Satz 49,00 EUR<\/strong><\/li>\n<li>Heckaufkleber in antrazit\/silber, hochwertige Reproduktion im Siebdruck von\u00a0\u00a0 Centre Alpine, besser als das Original. <strong>Stk.39,90 EUR<\/strong><\/li>\n<li>Schwellerschutzfolie, Reproduktion auf Original-material, Logo schwarz\u00a0 gl\u00e4nzend im Siebdruck aufgedruckt. Exclusiv im Vertrieb von Centre Alpine. <strong>Setpreis 59,00 EUR<\/strong><\/li>\n<li>Heckaufkleber in silber oder schwarz als Folienplott, Wunschfarben bzw. individuelle L\u00f6sungen m\u00f6glich. <strong>Preise auf Anfrage<\/strong><\/li>\n<\/ol>\n<p>&nbsp;<\/p>\n<div class=\"gmedia_gallery phantom_module is_bot\" id=\"GmediaGallery_10\" data-gmid=\"10\" data-module=\"phantom\"><style type='text\/css' class='gmedia_module_style_import'>@import url('http:\/\/alpine-restaurierung.de\/blog\/wp-content\/plugins\/grand-media\/module\/phantom\/css\/style.css?v=3.23') all;\/**** .phantom_module #GmediaGallery_10 ****\/\n#GmediaGallery_10 .gmPhantom_ThumbContainer,\n#GmediaGallery_10 .gmPhantom_LoadMore {width:250px; height:200px;}\n#GmediaGallery_10 .gmPhantom_MobileView .gmPhantom_ThumbContainer,\n#GmediaGallery_10 .gmPhantom_MobileView .gmPhantom_LoadMore {width:150px; height:135px;}\n#GmediaGallery_10 .gmPhantom_LoadMore .gmPhantom_pager {font-size:100px;line-height:200px;}\n#GmediaGallery_10 .gmPhantom_MobileView .gmPhantom_LoadMore .gmPhantom_pager {font-size:67.5px;line-height:135px;}\n#GmediaGallery_10 .gmPhantom_LoadMore[data-col=\"1\"] {width:auto;height:50px;}\n#GmediaGallery_10 .gmPhantom_LoadMore[data-col=\"1\"] .gmPhantom_pager,\n#GmediaGallery_10 .gmPhantom_MobileView .gmPhantom_LoadMore[data-col=\"1\"] .gmPhantom_pager {font-size:40px;line-height:50px;}\n#GmediaGallery_10 .gmPhantom_ThumbContainer .gmPhantom_Thumb {opacity:1;}\n#GmediaGallery_10 .gmPhantom_ThumbLabel a {color:#3695e7;}<\/style>    <div class=\"gmPhantom_Container noLightbox\" >\n                <div class=\"gmPhantom_thumbsWrapper gmPhantom_ThumbScale gmPhantom_LabelInside\">\n                        <div class=\"gmPhantom_ThumbContainer gmPhantom_ThumbLoader\" data-id=\"210\" data-post_id=\"437\" data-ratio=\"1.51\" data-type=\"image\" data-ext=\"jpg\" data-views=\"141\" data-likes=\"0\" data-cc=\"0\" data-post_link=\"http:\/\/alpine-restaurierung.de\/blog\/gmedia\/gasdruckfedern-jpg\/\">\n                <a href=\"http:\/\/alpine-restaurierung.de\/blog\/wp-content\/grand-media\/image\/Gasdruckfedern.jpg\" class=\"gmPhantom_Thumb\"><img class=\"noLazy\" src=\"http:\/\/alpine-restaurierung.de\/blog\/wp-content\/grand-media\/image\/thumb\/Gasdruckfedern.jpg\" data-src=\"http:\/\/alpine-restaurierung.de\/blog\/wp-content\/grand-media\/image\/Gasdruckfedern.jpg\" alt=\"Gasdruckfedern \"\/><\/a>\n                                    <div class=\"gmPhantom_ThumbLabel\"><span class=\"gmPhantom_ThumbLabel_title\">Gasdruckfedern <\/span><\/div>\n                                    <div style=\"display:none;\" class=\"gmPhantom_Details\">\n                                            <div class=\"gmPhantom_description\">\n                            <div class=\"gmPhantom_title\">Gasdruckfedern <\/div>\n                            <div class=\"gmPhantom_text\"><\/div>\n                        <\/div>\n                                                            <div class=\"gmPhantom_terms\">\n                                                    <div class=\"gmPhantom_other_terms\">\n                                <table class=\"gmPhantom_other_terms_table\">\n                                                                            <tr class=\"gmPhantom_term_row_category\">\n                                            <td class=\"gmPhantom_term_key\">Category<\/td>\n                                            <td class=\"gmPhantom_term_value\"><a href=\"\/blog\/wp-json\/wp\/v2\/pages\/76?gm10[category__in]=10\" class=\"gmPhantom_cat\">Karosserie<\/a><\/td>\n                                        <\/tr>\n                                                                    <\/table>\n                            <\/div>\n                                                <\/div>\n                <\/div>\n                <\/div>        <\/div>\n    <\/div>\n<\/div>\n","protected":false},"excerpt":{"rendered":"<p>Halter f\u00fcr Front- und Hecksch\u00fcrze, Edelstahl Satzpreis Front, Preis auf Anfrage Satzpreis Heck, Preis auf Anfrage Gasdruckfedern f\u00fcr die Haube vorne 100Nm bzw. 150 Nm, Heckklappe 200 Nm bzw. verst\u00e4rkt 260 Nm, z.B. f\u00fcr A 310 V6 S, Preis pro Stk. 47,60 EUR Aufkleber f\u00fcr das Seitenteil, lieferbar in silber, schwarz und wei\u00df mit Logo V6 oder A, Wunschfarbe gegen<\/p>\n","protected":false},"author":1,"featured_media":0,"parent":32,"menu_order":8,"comment_status":"closed","ping_status":"closed","template":"","meta":[],"_links":{"self":[{"href":"http:\/\/alpine-restaurierung.de\/blog\/wp-json\/wp\/v2\/pages\/76"}],"collection":[{"href":"http:\/\/alpine-restaurierung.de\/blog\/wp-json\/wp\/v2\/pages"}],"about":[{"href":"http:\/\/alpine-restaurierung.de\/blog\/wp-json\/wp\/v2\/types\/page"}],"author":[{"embeddable":true,"href":"http:\/\/alpine-restaurierung.de\/blog\/wp-json\/wp\/v2\/users\/1"}],"replies":[{"embeddable":true,"href":"http:\/\/alpine-restaurierung.de\/blog\/wp-json\/wp\/v2\/comments?post=76"}],"version-history":[{"count":4,"href":"http:\/\/alpine-restaurierung.de\/blog\/wp-json\/wp\/v2\/pages\/76\/revisions"}],"predecessor-version":[{"id":438,"href":"http:\/\/alpine-restaurierung.de\/blog\/wp-json\/wp\/v2\/pages\/76\/revisions\/438"}],"up":[{"embeddable":true,"href":"http:\/\/alpine-restaurierung.de\/blog\/wp-json\/wp\/v2\/pages\/32"}],"wp:attachment":[{"href":"http:\/\/alpine-restaurierung.de\/blog\/wp-json\/wp\/v2\/media?parent=76"}],"curies":[{"name":"wp","href":"https:\/\/api.w.org\/{rel}","templated":true}]}}